{"id":989,"date":"2020-10-07T11:38:14","date_gmt":"2020-10-07T11:38:14","guid":{"rendered":"https:\/\/apdash-wp.themetags.com\/?page_id=3"},"modified":"2025-12-29T08:49:58","modified_gmt":"2025-12-29T13:49:58","slug":"privacy-policy","status":"publish","type":"page","link":"https:\/\/www.humandesignapp.com\/de\/privacy-policy\/","title":{"rendered":"Datenschutzbestimmungen"},"content":{"rendered":"<div data-elementor-type=\"wp-page\" data-elementor-id=\"989\" class=\"elementor elementor-989\" data-elementor-post-type=\"page\">\n\t\t\t\t\t\t<section class=\"elementor-section elementor-top-section elementor-element elementor-element-d558e4d elementor-section-height-min-height elementor-section-boxed elementor-section-height-default elementor-section-items-middle\" data-id=\"d558e4d\" data-element_type=\"section\" data-e-type=\"section\" data-settings=\"{&quot;background_background&quot;:&quot;classic&quot;}\">\n\t\t\t\t\t\t\t<div class=\"elementor-background-overlay\"><\/div>\n\t\t\t\t\t\t\t<div class=\"elementor-container elementor-column-gap-default\">\n\t\t\t\t\t<div class=\"elementor-column elementor-col-100 elementor-top-column elementor-element elementor-element-d999a21\" data-id=\"d999a21\" data-element_type=\"column\" data-e-type=\"column\">\n\t\t\t<div class=\"elementor-widget-wrap elementor-element-populated\">\n\t\t\t\t\t\t<div class=\"elementor-element elementor-element-35b04d9 elementor-widget__width-auto elementor-widget elementor-widget-shortcode\" data-id=\"35b04d9\" data-element_type=\"widget\" data-e-type=\"widget\" data-widget_type=\"shortcode.default\">\n\t\t\t\t<div class=\"elementor-widget-container\">\n\t\t\t\t\t\t\t<div class=\"elementor-shortcode\"><div class=\"aioseo-breadcrumbs\"><span class=\"aioseo-breadcrumb\">\n\t<a href=\"https:\/\/www.humandesignapp.com\/de\" title=\"Startseite\">Startseite<\/a>\n<\/span><span class=\"aioseo-breadcrumb-separator\">\u00bb<\/span><span class=\"aioseo-breadcrumb\">\n\tDatenschutzbestimmungen\n<\/span><\/div>\n<\/div>\n\t\t\t\t\t\t<\/div>\n\t\t\t\t<\/div>\n\t\t\t\t\t<\/div>\n\t\t<\/div>\n\t\t\t\t\t<\/div>\n\t\t<\/section>\n\t\t\t\t<section class=\"elementor-section elementor-top-section elementor-element elementor-element-6bc6389c elementor-section-content-middle elementor-section-boxed elementor-section-height-default elementor-section-height-default\" data-id=\"6bc6389c\" data-element_type=\"section\" data-e-type=\"section\">\n\t\t\t\t\t\t<div class=\"elementor-container elementor-column-gap-default\">\n\t\t\t\t\t<div class=\"elementor-column elementor-col-100 elementor-top-column elementor-element elementor-element-26f244f0\" data-id=\"26f244f0\" data-element_type=\"column\" data-e-type=\"column\">\n\t\t\t<div class=\"elementor-widget-wrap elementor-element-populated\">\n\t\t\t\t\t\t<div class=\"elementor-element elementor-element-1312d3a8 elementor-widget elementor-widget-text-editor\" data-id=\"1312d3a8\" data-element_type=\"widget\" data-e-type=\"widget\" data-widget_type=\"text-editor.default\">\n\t\t\t\t<div class=\"elementor-widget-container\">\n\t\t\t\t\t\t\t\t\t<p>Zuletzt aktualisiert am 15. Januar 2025<\/p>\t\t\t\t\t\t\t\t<\/div>\n\t\t\t\t<\/div>\n\t\t\t\t<div class=\"elementor-element elementor-element-3f069ea8 elementor-widget elementor-widget-apdash-heading\" data-id=\"3f069ea8\" data-element_type=\"widget\" data-e-type=\"widget\" data-widget_type=\"apdash-heading.default\">\n\t\t\t\t<div class=\"elementor-widget-container\">\n\t\t\t\t\t\r\n        <div class=\"section-heading\">\r\n\r\n\t\t\t\r\n\t\t\t                <div class=\"description wow fadeInUp\" data-wow-delay=\"0.5s\">Diese Datenschutzrichtlinie regelt Ihre Nutzung der Softwareanwendung <a href=\"https:\/\/www.humandesignapp.com\/\">Human Design App<\/a> (\u201cAnwendung\u201d) f\u00fcr mobile Ger\u00e4te, die von HEALING SHORE LLC entwickelt wurde. Die Anwendung wird verwendet, um Astrologie-Horoskope zu erstellen, die auf Planetenpositionen basieren und Chakra-, I-Ching- und Planeteninformationen kombinieren. <\/div>\r\n\t\t\t        <\/div>\r\n\r\n\t\t\t\t\t\t<\/div>\n\t\t\t\t<\/div>\n\t\t\t\t<div class=\"elementor-element elementor-element-348baa84 elementor-widget elementor-widget-apdash-heading\" data-id=\"348baa84\" data-element_type=\"widget\" data-e-type=\"widget\" data-widget_type=\"apdash-heading.default\">\n\t\t\t\t<div class=\"elementor-widget-container\">\n\t\t\t\t\t\r\n        <div class=\"section-heading\">\r\n\r\n\t\t\t                <h2 class=\"section-title wow fadeInUp\" data-wow-delay=\"0.3s\">Welche Informationen erh\u00e4lt die Anwendung und wie werden sie verwendet?\n<br\/><br\/>\nVom Benutzer bereitgestellte Informationen \n<\/h2>\r\n\t\t\t\r\n\t\t\t                <div class=\"description wow fadeInUp\" data-wow-delay=\"0.5s\">Die Anwendung erh\u00e4lt die Informationen, die Sie angeben, wenn Sie die Anwendung herunterladen und registrieren. \n<br\/><br\/>\nWenn Sie sich bei uns registrieren und die Anwendung nutzen, geben Sie in der Regel (a) Ihren Namen, Ihr Geburtsdatum und Ihren Geburtsort an; (b) transaktionsbezogene Informationen, z. B. wenn Sie Eink\u00e4ufe t\u00e4tigen, auf Angebote reagieren oder Anwendungen von uns herunterladen oder nutzen; (c) Informationen, die Sie uns geben, wenn Sie uns um Hilfe bitten;\n<br\/><br\/>\nWir k\u00f6nnen die von Ihnen zur Verf\u00fcgung gestellten Daten auch dazu verwenden, Sie von Zeit zu Zeit zu kontaktieren, um Ihnen wichtige Informationen, erforderliche Mitteilungen und Marketingaktionen zukommen zu lassen.<\/div>\r\n\t\t\t        <\/div>\r\n\r\n\t\t\t\t\t\t<\/div>\n\t\t\t\t<\/div>\n\t\t\t\t<div class=\"elementor-element elementor-element-24f999ce elementor-widget elementor-widget-apdash-heading\" data-id=\"24f999ce\" data-element_type=\"widget\" data-e-type=\"widget\" data-widget_type=\"apdash-heading.default\">\n\t\t\t\t<div class=\"elementor-widget-container\">\n\t\t\t\t\t\r\n        <div class=\"section-heading\">\r\n\r\n\t\t\t                <h2 class=\"section-title wow fadeInUp\" data-wow-delay=\"0.3s\">Automatisch gesammelte Informationen <\/h2>\r\n\t\t\t\r\n\t\t\t                <div class=\"description wow fadeInUp\" data-wow-delay=\"0.5s\">Dar\u00fcber hinaus kann die Anwendung bestimmte Informationen automatisch erfassen, einschlie\u00dflich, aber nicht beschr\u00e4nkt auf die Art des von Ihnen verwendeten mobilen Ger\u00e4ts, die eindeutige Ger\u00e4te-ID Ihres mobilen Ger\u00e4ts, die IP-Adresse Ihres mobilen Ger\u00e4ts, Ihr mobiles Betriebssystem, die Art des von Ihnen verwendeten mobilen Internetbrowsers und Informationen \u00fcber die Art und Weise, wie Sie die Anwendung nutzen. <\/div>\r\n\t\t\t        <\/div>\r\n\r\n\t\t\t\t\t\t<\/div>\n\t\t\t\t<\/div>\n\t\t\t\t<div class=\"elementor-element elementor-element-31b7e95d elementor-widget elementor-widget-apdash-heading\" data-id=\"31b7e95d\" data-element_type=\"widget\" data-e-type=\"widget\" data-widget_type=\"apdash-heading.default\">\n\t\t\t\t<div class=\"elementor-widget-container\">\n\t\t\t\t\t\r\n        <div class=\"section-heading\">\r\n\r\n\t\t\t                <h2 class=\"section-title wow fadeInUp\" data-wow-delay=\"0.3s\">Erfasst die Anwendung genaue Echtzeit-Standortinformationen des Ger\u00e4ts?<\/h2>\r\n\t\t\t\r\n\t\t\t                <div class=\"description wow fadeInUp\" data-wow-delay=\"0.5s\">Diese Anwendung sammelt keine genauen Informationen \u00fcber den Standort Ihres mobilen Ger\u00e4ts. <\/div>\r\n\t\t\t        <\/div>\r\n\r\n\t\t\t\t\t\t<\/div>\n\t\t\t\t<\/div>\n\t\t\t\t<div class=\"elementor-element elementor-element-54415ff2 elementor-widget elementor-widget-apdash-heading\" data-id=\"54415ff2\" data-element_type=\"widget\" data-e-type=\"widget\" data-widget_type=\"apdash-heading.default\">\n\t\t\t\t<div class=\"elementor-widget-container\">\n\t\t\t\t\t\r\n        <div class=\"section-heading\">\r\n\r\n\t\t\t                <h2 class=\"section-title wow fadeInUp\" data-wow-delay=\"0.3s\">K\u00f6nnen Dritte die durch die Anwendung erhaltenen Informationen einsehen und\/oder darauf zugreifen?<\/h2>\r\n\t\t\t\r\n\t\t\t                <div class=\"description wow fadeInUp\" data-wow-delay=\"0.5s\">Nur aggregierte, anonymisierte Daten werden regelm\u00e4\u00dfig an externe Dienste \u00fcbermittelt, um uns bei der Verbesserung der Anwendung und unseres Service zu helfen. Wir werden Ihre Daten nur in der in dieser Datenschutzerkl\u00e4rung beschriebenen Weise an Dritte weitergeben.\nWir k\u00f6nnen vom Nutzer bereitgestellte und automatisch gesammelte Informationen offenlegen:<\/div>\r\n\t\t\t        <\/div>\r\n\r\n\t\t\t\t\t\t<\/div>\n\t\t\t\t<\/div>\n\t\t\t\t<div class=\"elementor-element elementor-element-8ea6203 elementor-widget elementor-widget-tt-list\" data-id=\"8ea6203\" data-element_type=\"widget\" data-e-type=\"widget\" data-widget_type=\"tt-list.default\">\n\t\t\t\t<div class=\"elementor-widget-container\">\n\t\t\t\t\t            <ul class=\"tt-list list-dice\">\r\n\t\t\t\t                    <li>\r\n\t\t\t\t\t\t\r\n                            \r\n\t\t\t\t\t\t\t<p>wenn dies gesetzlich vorgeschrieben ist, z. B. um einer Vorladung oder einem \u00e4hnlichen rechtlichen Verfahren nachzukommen;<\/p>\r\n\r\n\t\t\t\t\t\t\t                    <\/li>\r\n\r\n\t\t\t\t                    <li>\r\n\t\t\t\t\t\t\r\n                            \r\n\t\t\t\t\t\t\t<p>wenn wir in gutem Glauben davon ausgehen, dass die Offenlegung notwendig ist, um unsere Rechte zu sch\u00fctzen, Ihre Sicherheit oder die Sicherheit anderer zu sch\u00fctzen, Betrug zu untersuchen oder auf eine beh\u00f6rdliche Anfrage zu reagieren;<\/p>\r\n\r\n\t\t\t\t\t\t\t                    <\/li>\r\n\r\n\t\t\t\t                    <li>\r\n\t\t\t\t\t\t\r\n                            \r\n\t\t\t\t\t\t\t<p>mit unseren vertrauensw\u00fcrdigen Dienstleistern, die in unserem Auftrag arbeiten, keine unabh\u00e4ngige Verwendung der von uns an sie weitergegebenen Informationen haben und sich zur Einhaltung der in dieser Datenschutzerkl\u00e4rung dargelegten Regeln verpflichtet haben.<\/p>\r\n\r\n\t\t\t\t\t\t\t                    <\/li>\r\n\r\n\t\t\t\t                    <li>\r\n\t\t\t\t\t\t\r\n                            \r\n\t\t\t\t\t\t\t<p>Wenn Healing Shore LLC in eine Fusion, eine \u00dcbernahme oder einen Verkauf aller oder eines Teils seiner Verm\u00f6genswerte involviert ist, werden Sie per E-Mail und\/oder durch einen auff\u00e4lligen Hinweis auf unserer Website \u00fcber jede \u00c4nderung der Eigentumsverh\u00e4ltnisse oder der Verwendung dieser Daten sowie \u00fcber Ihre Wahlm\u00f6glichkeiten bez\u00fcglich dieser Daten informiert.<\/p>\r\n\r\n\t\t\t\t\t\t\t                    <\/li>\r\n\r\n\t\t\t\t            <\/ul>\r\n\t\t\t\t\t\t<\/div>\n\t\t\t\t<\/div>\n\t\t\t\t<div class=\"elementor-element elementor-element-66cfa593 elementor-widget elementor-widget-apdash-heading\" data-id=\"66cfa593\" data-element_type=\"widget\" data-e-type=\"widget\" data-widget_type=\"apdash-heading.default\">\n\t\t\t\t<div class=\"elementor-widget-container\">\n\t\t\t\t\t\r\n        <div class=\"section-heading\">\r\n\r\n\t\t\t                <h2 class=\"section-title wow fadeInUp\" data-wow-delay=\"0.3s\">Welche Rechte habe ich, wenn ich nicht mitmachen will?<\/h2>\r\n\t\t\t\r\n\t\t\t                <div class=\"description wow fadeInUp\" data-wow-delay=\"0.5s\">Sie k\u00f6nnen die Sammlung von Informationen durch die Anwendung ganz einfach beenden, indem Sie die Anwendung deinstallieren. Sie k\u00f6nnen die Standard-Deinstallationsverfahren verwenden, die als Teil Ihres mobilen Ger\u00e4ts oder \u00fcber den Markt f\u00fcr mobile Anwendungen oder das Netzwerk verf\u00fcgbar sind. Sie k\u00f6nnen sich auch per E-Mail an app@humandesignapp.com abmelden.<\/div>\r\n\t\t\t        <\/div>\r\n\r\n\t\t\t\t\t\t<\/div>\n\t\t\t\t<\/div>\n\t\t\t\t<div class=\"elementor-element elementor-element-1c1bd4c9 elementor-widget elementor-widget-apdash-heading\" data-id=\"1c1bd4c9\" data-element_type=\"widget\" data-e-type=\"widget\" data-widget_type=\"apdash-heading.default\">\n\t\t\t\t<div class=\"elementor-widget-container\">\n\t\t\t\t\t\r\n        <div class=\"section-heading\">\r\n\r\n\t\t\t                <h2 class=\"section-title wow fadeInUp\" data-wow-delay=\"0.3s\">Richtlinie zur Datenaufbewahrung, Verwaltung Ihrer Informationen<\/h2>\r\n\t\t\t\r\n\t\t\t                <div class=\"description wow fadeInUp\" data-wow-delay=\"0.5s\">A. Wir werden die vom Nutzer bereitgestellten Daten so lange aufbewahren, wie Sie die Anwendung nutzen, und danach f\u00fcr einen angemessenen Zeitraum (Ausnahme siehe unten unter B.). Automatisch erhobene Daten werden von uns bis zu 24 Monate lang aufbewahrt und k\u00f6nnen danach in zusammengefasster Form gespeichert werden. Wenn Sie m\u00f6chten, dass wir die von Ihnen \u00fcber die Anwendung zur Verf\u00fcgung gestellten Daten l\u00f6schen, kontaktieren Sie uns bitte unter app@humandesignapp.com. Wir werden Ihnen innerhalb einer angemessenen Frist antworten. Bitte beachten Sie, dass einige oder alle der vom Nutzer bereitgestellten Daten erforderlich sein k\u00f6nnen, damit die Anwendung ordnungsgem\u00e4\u00df funktioniert.\n\n<br\/><br\/>\n\nB. Vom Nutzer bereitgestellte Daten, die zur Erstellung von Charts verwendet werden (Name, Geburtsdatum, Geburtsort), werden nur auf Ihrem Ger\u00e4t gespeichert (Ausnahme siehe unten unter C.) und nicht an uns oder Dritte \u00fcbermittelt.  Die Daten k\u00f6nnen von Ihrem jeweiligen Betreiber (Apple, Google) gesichert werden. Wenn Sie die Anwendung deinstallieren, werden die Daten in der Regel ebenfalls gel\u00f6scht.\n\n<br\/><br\/>\nC. Wenn Sie ein Konto in der App erstellen und sich anmelden, werden die vom Benutzer bereitgestellten Daten (Name, Geburtsdatum, Geburtsort) an einen Cloud-Anbieter \u00fcbertragen. Die Daten werden nicht mit Drittanbietern geteilt und dienen nur als Backup. Damit kann die App Ihre Diagramme mit mehreren Ger\u00e4ten synchronisieren, die Sie m\u00f6glicherweise besitzen.<\/div>\r\n\t\t\t        <\/div>\r\n\r\n\t\t\t\t\t\t<\/div>\n\t\t\t\t<\/div>\n\t\t\t\t<div class=\"elementor-element elementor-element-1cc1c3d2 elementor-widget elementor-widget-apdash-heading\" data-id=\"1cc1c3d2\" data-element_type=\"widget\" data-e-type=\"widget\" data-widget_type=\"apdash-heading.default\">\n\t\t\t\t<div class=\"elementor-widget-container\">\n\t\t\t\t\t\r\n        <div class=\"section-heading\">\r\n\r\n\t\t\t                <h2 class=\"section-title wow fadeInUp\" data-wow-delay=\"0.3s\">Kinder<\/h2>\r\n\t\t\t\r\n\t\t\t                <div class=\"description wow fadeInUp\" data-wow-delay=\"0.5s\">Wir verwenden die Anwendung nicht, um wissentlich Daten von Kindern unter 13 Jahren zu erfragen oder an diese zu vermarkten. Wenn ein Elternteil oder ein Erziehungsberechtigter feststellt, dass sein Kind uns ohne seine Zustimmung Informationen zur Verf\u00fcgung gestellt hat, sollte er uns unter app@humandesignapp.com kontaktieren. Wir werden solche Informationen innerhalb eines angemessenen Zeitraums aus unseren Dateien l\u00f6schen.<\/div>\r\n\t\t\t        <\/div>\r\n\r\n\t\t\t\t\t\t<\/div>\n\t\t\t\t<\/div>\n\t\t\t\t<div class=\"elementor-element elementor-element-5ff5f1f7 elementor-widget elementor-widget-apdash-heading\" data-id=\"5ff5f1f7\" data-element_type=\"widget\" data-e-type=\"widget\" data-widget_type=\"apdash-heading.default\">\n\t\t\t\t<div class=\"elementor-widget-container\">\n\t\t\t\t\t\r\n        <div class=\"section-heading\">\r\n\r\n\t\t\t                <h2 class=\"section-title wow fadeInUp\" data-wow-delay=\"0.3s\">Sicherheit<\/h2>\r\n\t\t\t\r\n\t\t\t                <div class=\"description wow fadeInUp\" data-wow-delay=\"0.5s\">Es ist uns ein Anliegen, die Vertraulichkeit Ihrer Daten zu wahren. Wir treffen physische, elektronische und verfahrenstechnische Sicherheitsvorkehrungen, um die von uns verarbeiteten und gepflegten Daten zu sch\u00fctzen. So beschr\u00e4nken wir beispielsweise den Zugriff auf diese Informationen auf autorisierte Mitarbeiter und Auftragnehmer, die diese Informationen f\u00fcr den Betrieb, die Entwicklung oder die Verbesserung unserer Anwendung ben\u00f6tigen. Bitte beachten Sie, dass wir uns zwar bem\u00fchen, angemessene Sicherheitsvorkehrungen f\u00fcr die von uns verarbeiteten und verwalteten Daten zu treffen, dass aber kein Sicherheitssystem alle potenziellen Sicherheitsverletzungen verhindern kann.<\/div>\r\n\t\t\t        <\/div>\r\n\r\n\t\t\t\t\t\t<\/div>\n\t\t\t\t<\/div>\n\t\t\t\t<div class=\"elementor-element elementor-element-4b8fa7db elementor-widget elementor-widget-apdash-heading\" data-id=\"4b8fa7db\" data-element_type=\"widget\" data-e-type=\"widget\" data-widget_type=\"apdash-heading.default\">\n\t\t\t\t<div class=\"elementor-widget-container\">\n\t\t\t\t\t\r\n        <div class=\"section-heading\">\r\n\r\n\t\t\t                <h2 class=\"section-title wow fadeInUp\" data-wow-delay=\"0.3s\">\u00c4nderungen<\/h2>\r\n\t\t\t\r\n\t\t\t                <div class=\"description wow fadeInUp\" data-wow-delay=\"0.5s\">Diese Datenschutzrichtlinie kann von Zeit zu Zeit aus beliebigen Gr\u00fcnden aktualisiert werden. Wir werden Sie \u00fcber alle \u00c4nderungen unserer Datenschutzrichtlinien informieren, indem wir die neuen Datenschutzrichtlinien hier ver\u00f6ffentlichen und Sie per E-Mail oder Textnachricht benachrichtigen. Wir empfehlen Ihnen, diese Datenschutzrichtlinie regelm\u00e4\u00dfig auf \u00c4nderungen zu \u00fcberpr\u00fcfen, da die fortgesetzte Nutzung als Zustimmung zu allen \u00c4nderungen gilt. Sie k\u00f6nnen die Historie dieser Richtlinie \u00fcberpr\u00fcfen, indem Sie hier klicken.<\/div>\r\n\t\t\t        <\/div>\r\n\r\n\t\t\t\t\t\t<\/div>\n\t\t\t\t<\/div>\n\t\t\t\t<div class=\"elementor-element elementor-element-3f52a2fc elementor-widget elementor-widget-apdash-heading\" data-id=\"3f52a2fc\" data-element_type=\"widget\" data-e-type=\"widget\" data-widget_type=\"apdash-heading.default\">\n\t\t\t\t<div class=\"elementor-widget-container\">\n\t\t\t\t\t\r\n        <div class=\"section-heading\">\r\n\r\n\t\t\t                <h2 class=\"section-title wow fadeInUp\" data-wow-delay=\"0.3s\">Ihr Einverst\u00e4ndnis<\/h2>\r\n\t\t\t\r\n\t\t\t                <div class=\"description wow fadeInUp\" data-wow-delay=\"0.5s\">Durch die Nutzung der Anwendung stimmen Sie der Verarbeitung Ihrer Daten zu, wie sie in dieser Datenschutzrichtlinie dargelegt und von uns ge\u00e4ndert wird. \"Verarbeitung\u201d bedeutet die Verwendung von Cookies auf einem Computer\/Handger\u00e4t oder die Verwendung oder Ber\u00fchrung von Informationen in irgendeiner Weise, einschlie\u00dflich, aber nicht beschr\u00e4nkt auf das Sammeln, Speichern, L\u00f6schen, Verwenden, Kombinieren und Offenlegen von Informationen, wobei alle diese Aktivit\u00e4ten in den Vereinigten Staaten stattfinden werden. Wenn Sie Ihren Wohnsitz au\u00dferhalb der Vereinigten Staaten haben, werden Ihre Daten dorthin \u00fcbertragen, verarbeitet und gespeichert, und zwar gem\u00e4\u00df den Datenschutzstandards der Vereinigten Staaten. <\/div>\r\n\t\t\t        <\/div>\r\n\r\n\t\t\t\t\t\t<\/div>\n\t\t\t\t<\/div>\n\t\t\t\t<div class=\"elementor-element elementor-element-4299ff2c elementor-widget elementor-widget-apdash-heading\" data-id=\"4299ff2c\" data-element_type=\"widget\" data-e-type=\"widget\" data-widget_type=\"apdash-heading.default\">\n\t\t\t\t<div class=\"elementor-widget-container\">\n\t\t\t\t\t\r\n        <div class=\"section-heading\">\r\n\r\n\t\t\t                <h2 class=\"section-title wow fadeInUp\" data-wow-delay=\"0.3s\">Kontakt\n<\/h2>\r\n\t\t\t\r\n\t\t\t                <div class=\"description wow fadeInUp\" data-wow-delay=\"0.5s\">Wenn Sie bei der Nutzung der Anwendung Fragen zum Datenschutz haben oder sich \u00fcber unsere Praktiken erkundigen m\u00f6chten, kontaktieren Sie uns bitte per E-Mail unter app@humandesignapp.com.\n<\/div>\r\n\t\t\t        <\/div>\r\n\r\n\t\t\t\t\t\t<\/div>\n\t\t\t\t<\/div>\n\t\t\t\t\t<\/div>\n\t\t<\/div>\n\t\t\t\t\t<\/div>\n\t\t<\/section>\n\t\t\t\t<\/div>","protected":false},"excerpt":{"rendered":"<p>Last updated on January 15, 2025 This privacy policy governs your use of the software application Human Design App (\u201cApplication\u201d) for mobile devices that was created by HEALING SHORE LLC. The Application is used to generate astrology charts based on planet positions combining Chakra, I-Ching and Planet Information. What information does the Application obtain and [&hellip;]<\/p>","protected":false},"author":1,"featured_media":0,"parent":0,"menu_order":0,"comment_status":"closed","ping_status":"closed","template":"elementor_header_footer","meta":{"_acf_changed":false,"footnotes":""},"class_list":["post-989","page","type-page","status-publish","hentry"],"acf":[],"aioseo_notices":[],"_links":{"self":[{"href":"https:\/\/www.humandesignapp.com\/de\/wp-json\/wp\/v2\/pages\/989","targetHints":{"allow":["GET"]}}],"collection":[{"href":"https:\/\/www.humandesignapp.com\/de\/wp-json\/wp\/v2\/pages"}],"about":[{"href":"https:\/\/www.humandesignapp.com\/de\/wp-json\/wp\/v2\/types\/page"}],"author":[{"embeddable":true,"href":"https:\/\/www.humandesignapp.com\/de\/wp-json\/wp\/v2\/users\/1"}],"replies":[{"embeddable":true,"href":"https:\/\/www.humandesignapp.com\/de\/wp-json\/wp\/v2\/comments?post=989"}],"version-history":[{"count":42,"href":"https:\/\/www.humandesignapp.com\/de\/wp-json\/wp\/v2\/pages\/989\/revisions"}],"predecessor-version":[{"id":3721,"href":"https:\/\/www.humandesignapp.com\/de\/wp-json\/wp\/v2\/pages\/989\/revisions\/3721"}],"wp:attachment":[{"href":"https:\/\/www.humandesignapp.com\/de\/wp-json\/wp\/v2\/media?parent=989"}],"curies":[{"name":"wp","href":"https:\/\/api.w.org\/{rel}","templated":true}]}}