{"id":3156,"date":"2024-11-13T08:32:20","date_gmt":"2024-11-13T13:32:20","guid":{"rendered":"https:\/\/www.humandesignapp.com\/?page_id=3156"},"modified":"2025-12-22T01:31:30","modified_gmt":"2025-12-22T06:31:30","slug":"human-design-authorities","status":"publish","type":"page","link":"https:\/\/www.humandesignapp.com\/de\/human-design-authorities\/","title":{"rendered":"Verst\u00e4ndnis der menschlichen Gestaltungskompetenz"},"content":{"rendered":"<div data-elementor-type=\"wp-page\" data-elementor-id=\"3156\" class=\"elementor elementor-3156\" data-elementor-post-type=\"page\">\n\t\t\t\t\t\t<section class=\"elementor-section elementor-top-section elementor-element elementor-element-1f82848 elementor-section-height-min-height elementor-section-boxed elementor-section-height-default elementor-section-items-middle\" data-id=\"1f82848\" data-element_type=\"section\" data-e-type=\"section\" data-settings=\"{&quot;background_background&quot;:&quot;classic&quot;}\">\n\t\t\t\t\t\t\t<div class=\"elementor-background-overlay\"><\/div>\n\t\t\t\t\t\t\t<div class=\"elementor-container elementor-column-gap-default\">\n\t\t\t\t\t<div class=\"elementor-column elementor-col-100 elementor-top-column elementor-element elementor-element-b081382\" data-id=\"b081382\" data-element_type=\"column\" data-e-type=\"column\">\n\t\t\t<div class=\"elementor-widget-wrap elementor-element-populated\">\n\t\t\t\t\t\t<div class=\"elementor-element elementor-element-18cc002 elementor-widget__width-auto elementor-widget elementor-widget-shortcode\" data-id=\"18cc002\" data-element_type=\"widget\" data-e-type=\"widget\" data-widget_type=\"shortcode.default\">\n\t\t\t\t<div class=\"elementor-widget-container\">\n\t\t\t\t\t\t\t<div class=\"elementor-shortcode\"><div class=\"aioseo-breadcrumbs\"><span class=\"aioseo-breadcrumb\">\n\t<a href=\"https:\/\/www.humandesignapp.com\/de\" title=\"Startseite\">Startseite<\/a>\n<\/span><span class=\"aioseo-breadcrumb-separator\">\u00bb<\/span><span class=\"aioseo-breadcrumb\">\n\tVerst\u00e4ndnis der menschlichen Gestaltungskompetenz\n<\/span><\/div>\n<\/div>\n\t\t\t\t\t\t<\/div>\n\t\t\t\t<\/div>\n\t\t\t\t\t<\/div>\n\t\t<\/div>\n\t\t\t\t\t<\/div>\n\t\t<\/section>\n\t\t\t\t<section class=\"elementor-section elementor-top-section elementor-element elementor-element-badda5d elementor-section-boxed elementor-section-height-default elementor-section-height-default\" data-id=\"badda5d\" data-element_type=\"section\" data-e-type=\"section\">\n\t\t\t\t\t\t<div class=\"elementor-container elementor-column-gap-default\">\n\t\t\t\t\t<div class=\"elementor-column elementor-col-100 elementor-top-column elementor-element elementor-element-809fbdb\" data-id=\"809fbdb\" data-element_type=\"column\" data-e-type=\"column\">\n\t\t\t<div class=\"elementor-widget-wrap elementor-element-populated\">\n\t\t\t\t\t\t<div class=\"elementor-element elementor-element-026ae38 elementor-widget elementor-widget-text-editor\" data-id=\"026ae38\" data-element_type=\"widget\" data-e-type=\"widget\" data-widget_type=\"text-editor.default\">\n\t\t\t\t<div class=\"elementor-widget-container\">\n\t\t\t\t\t\t\t\t\t<p><span style=\"font-weight: 400;\">Autorit\u00e4t bedeutet, dass Ihr K\u00f6rper und Ihre Energie Ihnen sagen, was Sie tun sollen. Nicht jeder Mensch ist daf\u00fcr geschaffen, jede Entscheidung im Kopf zu treffen. Manche Menschen brauchen l\u00e4nger, um sich zu entscheiden, w\u00e4hrend andere sehr schnell sind. Deine Autorit\u00e4t ist die Art und Weise, wie dir gesagt wird, was f\u00fcr dich gut ist und was nicht. Wenn du deiner Autorit\u00e4t folgst, scheinen die Dinge klar zu sein und du f\u00fchlst dich im Einklang mit ihr.<\/span><\/p><h2><b>Strategie vs. Autorit\u00e4t<\/b><\/h2><p><span style=\"font-weight: 400;\">Autorit\u00e4t bezieht sich darauf, wie Sie Entscheidungen treffen, wenn die Dinge in Ihrem Leben auftauchen. Bei der Strategie geht es darum, wie Sie durch das Leben navigieren wollen. Zum Beispiel, <\/span><a href=\"https:\/\/www.humandesignapp.com\/human-design-types\/human-design-type-projector\"><span style=\"font-weight: 400;\">Human Design Projektoren<\/span><\/a><span style=\"font-weight: 400;\"> nutzen ihre Strategie, um zu wissen, wann sie auf etwas im Leben reagieren m\u00fcssen, aber dann verlassen sie sich auf ihr Bauchgef\u00fchl oder ihre Gef\u00fchle (Autorit\u00e4t), um zu entscheiden, was als n\u00e4chstes zu tun ist. Sowohl Strategie als auch Autorit\u00e4t sind notwendig; die Strategie hilft Ihnen zu wissen, wann Sie handeln m\u00fcssen, und die Autorit\u00e4t sagt Ihnen, ob Sie \u201cja\u201d oder \u201cnein\u201d sagen sollten.<\/span><\/p><h2><b>Emotionale Autorit\u00e4t<\/b><\/h2><p><span style=\"font-weight: 400;\">Wenn Sie <\/span><a href=\"https:\/\/www.humandesignapp.com\/human-design-authorities\/emotional-authority-human-design\/\"><span style=\"font-weight: 400;\">Emotionale Autorit\u00e4t<\/span><\/a><span style=\"font-weight: 400;\">, Von Ihnen wird nicht erwartet, dass Sie sofort Entscheidungen treffen. Sie k\u00f6nnen emotionale H\u00f6hen und Tiefen erleben, und Ihre Klarheit wird sich mit der Zeit entwickeln. Nehmen Sie sich Zeit, wenn Sie gro\u00dfe Entscheidungen treffen. Wenn Sie den Rat anderer einholen m\u00f6chten, sollten Sie die Dinge besprechen. Vermeiden Sie es, etwas zu \u00fcberst\u00fcrzen. Wenn die emotionalen Wogen sich gl\u00e4tten, werden Sie wissen, was sich f\u00fcr Sie richtig anf\u00fchlt.<\/span><\/p><h2><b>Sakrale Autorit\u00e4t<\/b><\/h2><p><a href=\"https:\/\/www.humandesignapp.com\/human-design-authorities\/understanding-the-role-of-sacral-authority-in-human-design-charts\/\"><span style=\"font-weight: 400;\">Sakrale Autorit\u00e4t<\/span><\/a><span style=\"font-weight: 400;\"> ist ein sofortiges \u201cJa\u201d oder \u201cNein\u201d von Ihrem K\u00f6rper. Sie k\u00f6nnen es als ein Ger\u00e4usch, ein Ziehen oder einen pl\u00f6tzlichen Energieschub empfinden. H\u00f6ren Sie auf dieses Signal. Hier geht es nicht um Gedanken. Es geht darum, sich von dem, was auch immer es im Moment ist, mit Energie versorgen zu lassen.<\/span><\/p><h2><b>Milzbeh\u00f6rde<\/b><\/h2><p><a href=\"https:\/\/www.humandesignapp.com\/human-design-authorities\/splenic-authority-human-design\/\"><span style=\"font-weight: 400;\">Milzbeh\u00f6rde<\/span><\/a><span style=\"font-weight: 400;\"> ist, wenn Sie sofortige stille innere F\u00fchrung erhalten. Das ist Ihre Intuition. Sie h\u00f6ren vielleicht ein Fl\u00fcstern, sp\u00fcren etwas in Ihren Knochen usw. Wenn dies geschieht, ist es ein einmaliges Ereignis und wiederholt sich nicht. Sie sind dazu geschaffen, auf diese kleine leise Stimme zu h\u00f6ren, auch wenn Sie sie nicht erkl\u00e4ren k\u00f6nnen.<\/span><\/p><h2><b>Ego-Autorit\u00e4t<\/b><\/h2><p><span style=\"font-weight: 400;\">Es gibt zwei Arten von Ego-Autorit\u00e4t. Die eine kommt aus dem Herzzentrum und handelt von dem, was Sie wollen. Die andere nutzt Diskussionen, um zu einem Ergebnis zu kommen. Unabh\u00e4ngig davon, welchen Weg Sie w\u00e4hlen, verlassen Sie sich auf Ihre Willenskraft, um Entscheidungen zu treffen. Fragen Sie sich, ob Sie das, was Sie in Erw\u00e4gung ziehen, wirklich wollen. Lassen Sie sich von Ihrem Wunsch leiten.<\/span><\/p><h2><b>Selbstprojizierte Autorit\u00e4t<\/b><\/h2><p><a href=\"https:\/\/www.humandesignapp.com\/human-design-authorities\/self-projected-authority-human-design\/\"><span style=\"font-weight: 400;\">Selbstprojizierte Autorit\u00e4t<\/span><\/a><span style=\"font-weight: 400;\"> dr\u00fcckt seine Wahrheit durch die Stimme aus. Sie ermitteln die Antworten auf Fragen, indem Sie Ihre Gedanken laut aussprechen und darauf h\u00f6ren, was dabei herauskommt. In der Regel wissen Sie, was sich richtig anf\u00fchlt, wenn Sie es ausgesprochen haben.<\/span><\/p><h2><b>Umweltbeh\u00f6rde (Mentale Beh\u00f6rde)<\/b><\/h2><p><span style=\"font-weight: 400;\">Sie haben keine inneren Anhaltspunkte, wie sie alle anderen Beh\u00f6rden haben. Sie brauchen jedoch ein bestimmtes Umfeld mit Menschen, um Klarheit zu schaffen. Diskutieren Sie Ihre Ideen mit Menschen, denen Sie vertrauen. Erlauben Sie dem Umfeld, Ihren Prozess zu unterst\u00fctzen. Treffen Sie keine Entscheidung unter Zwang oder unter chaotischen Umst\u00e4nden.<\/span><\/p><h2><b>Mondbeh\u00f6rde (nur f\u00fcr Reflektoren)<\/b><\/h2><p><span style=\"font-weight: 400;\">Als Reflektor besitzen Sie lunare Autorit\u00e4t. Bevor du gro\u00dfe Entscheidungen triffst, brauchst du einen kompletten 28-Tage-Mondzyklus. So lange braucht Ihre Energie, um sich wieder zu regenerieren. Klarheit entsteht, wenn Sie sich die Zeit nehmen. Beobachten Sie, wie Sie sich in jeder Phase des Monats f\u00fchlen. Mit der Zeit werden sich Muster herauskristallisieren, die Ihnen helfen, das Richtige f\u00fcr Sie zu finden.<\/span><\/p><h2><b>Mit der Human Design App mehr \u00fcber Autorit\u00e4t erfahren<\/b><\/h2><p><span style=\"font-weight: 400;\">M\u00f6chten Sie mehr \u00fcber Ihre Beh\u00f6rde erfahren? Die <\/span><a href=\"https:\/\/www.humandesignapp.com\/\"><span style=\"font-weight: 400;\">Human Design Anwendung<\/span><\/a><span style=\"font-weight: 400;\"> bietet einen klaren \u00dcberblick \u00fcber Ihre Autorit\u00e4t und gibt Ihnen Tipps, wie Sie sie im Alltag umsetzen k\u00f6nnen. Zus\u00e4tzlich zu Ihrer Autorit\u00e4t bietet die App auch Informationen zu Ihrem gesamten Horoskop, einschlie\u00dflich Ihres Typs, Profils und Ihrer Tore. <\/span><span style=\"font-weight: 400;\"><br \/><\/span><span style=\"font-weight: 400;\"><br \/><\/span><span style=\"font-weight: 400;\">Um Ihre Energie besser zu verstehen, k\u00f6nnen Sie die <\/span><a href=\"https:\/\/www.humandesignapp.com\/human-design-centers\/\"><span style=\"font-weight: 400;\">Human Design Zentren<\/span><\/a><span style=\"font-weight: 400;\">.<\/span><span style=\"font-weight: 400;\"><br \/><\/span><span style=\"font-weight: 400;\"><br \/><\/span><span style=\"font-weight: 400;\">Sie k\u00f6nnen auch Folgendes erkunden <\/span><a href=\"https:\/\/www.humandesignapp.com\/human-design-channels\/\"><span style=\"font-weight: 400;\">Human Design-Kan\u00e4le<\/span><\/a><span style=\"font-weight: 400;\"> und <\/span><a href=\"https:\/\/www.humandesignapp.com\/get-your-chart\/\"><span style=\"font-weight: 400;\">Human Design Chart<\/span><\/a><span style=\"font-weight: 400;\">.<\/span><\/p>\t\t\t\t\t\t\t\t<\/div>\n\t\t\t\t<\/div>\n\t\t\t\t\t<\/div>\n\t\t<\/div>\n\t\t\t\t\t<\/div>\n\t\t<\/section>\n\t\t\t\t<section class=\"elementor-section elementor-top-section elementor-element elementor-element-6c383ea elementor-section-boxed elementor-section-height-default elementor-section-height-default\" data-id=\"6c383ea\" data-element_type=\"section\" data-e-type=\"section\">\n\t\t\t\t\t\t<div class=\"elementor-container elementor-column-gap-default\">\n\t\t\t\t\t<div class=\"elementor-column elementor-col-100 elementor-top-column elementor-element elementor-element-41369ec\" data-id=\"41369ec\" data-element_type=\"column\" data-e-type=\"column\">\n\t\t\t<div class=\"elementor-widget-wrap elementor-element-populated\">\n\t\t\t\t\t\t<div class=\"elementor-element elementor-element-f0d113b elementor-widget elementor-widget-text-editor\" data-id=\"f0d113b\" data-element_type=\"widget\" data-e-type=\"widget\" data-widget_type=\"text-editor.default\">\n\t\t\t\t<div class=\"elementor-widget-container\">\n\t\t\t\t\t\t\t\t\t<p><strong>Finden Sie jetzt Ihre Human Design Authority!<\/strong><\/p>\t\t\t\t\t\t\t\t<\/div>\n\t\t\t\t<\/div>\n\t\t\t\t<section class=\"elementor-section elementor-inner-section elementor-element elementor-element-1e54755 elementor-section-boxed elementor-section-height-default elementor-section-height-default\" data-id=\"1e54755\" data-element_type=\"section\" data-e-type=\"section\">\n\t\t\t\t\t\t<div class=\"elementor-container elementor-column-gap-default\">\n\t\t\t\t\t<div class=\"elementor-column elementor-col-50 elementor-inner-column elementor-element elementor-element-8668b2d\" data-id=\"8668b2d\" data-element_type=\"column\" data-e-type=\"column\">\n\t\t\t<div class=\"elementor-widget-wrap elementor-element-populated\">\n\t\t\t\t\t\t<div class=\"elementor-element elementor-element-8df1f22 elementor-widget elementor-widget-tt-icon-box\" data-id=\"8df1f22\" data-element_type=\"widget\" data-e-type=\"widget\" data-widget_type=\"tt-icon-box.default\">\n\t\t\t\t<div class=\"elementor-widget-container\">\n\t\t\t\t\t<div class=\"tt-icon-box style-three\">\r\n    \r\n            <div class=\"icon-container\">\r\n                            <img decoding=\"async\" src=\"https:\/\/www.humandesignapp.com\/wp-content\/uploads\/2022\/07\/export-apple-01.png\" alt=\"Apple Store\">\r\n                    <\/div>\r\n        <!-- \/.icon-container -->\r\n\r\n    <div class=\"box-content\">\r\n                    <h4 class=\"box-title\">\r\n                                    Apple Store                            <\/h4>\r\n        \r\n                    <p class=\"description\">\r\n                Kostenlos im Apple Store laden            <\/p>\r\n        \r\n\t            \t<a href=\"https:\/\/apps.apple.com\/us\/app\/human-design-app\/id862678884?itsct=apps_box_badge&itscg=30200\" target=\"_blank\" rel=\"nofollow\" class=\"tt-btn btn-outline btn-small btn-circle\"> Die App herunterladen<\/a>\t        <\/div>\r\n<\/div>\r\n<!-- \/.dt-icon-box -->\t\t\t\t<\/div>\n\t\t\t\t<\/div>\n\t\t\t\t\t<\/div>\n\t\t<\/div>\n\t\t\t\t<div class=\"elementor-column elementor-col-50 elementor-inner-column elementor-element elementor-element-6574e4d\" data-id=\"6574e4d\" data-element_type=\"column\" data-e-type=\"column\">\n\t\t\t<div class=\"elementor-widget-wrap elementor-element-populated\">\n\t\t\t\t\t\t<div class=\"elementor-element elementor-element-6f6b4d0 elementor-widget elementor-widget-tt-icon-box\" data-id=\"6f6b4d0\" data-element_type=\"widget\" data-e-type=\"widget\" data-widget_type=\"tt-icon-box.default\">\n\t\t\t\t<div class=\"elementor-widget-container\">\n\t\t\t\t\t<div class=\"tt-icon-box style-three\">\r\n    \r\n            <div class=\"icon-container\">\r\n                            <img decoding=\"async\" src=\"https:\/\/www.humandesignapp.com\/wp-content\/uploads\/2022\/07\/export-playstore-01.png\" alt=\"Google Play\">\r\n                    <\/div>\r\n        <!-- \/.icon-container -->\r\n\r\n    <div class=\"box-content\">\r\n                    <h4 class=\"box-title\">\r\n                                    Google Play                            <\/h4>\r\n        \r\n                    <p class=\"description\">\r\n                Holen Sie sich die Software kostenlos bei Google Play            <\/p>\r\n        \r\n\t            \t<a href=\"https:\/\/play.google.com\/store\/apps\/details?id=com.SineDigital.HumanDesignApp\" target=\"_blank\" rel=\"nofollow\" class=\"tt-btn btn-outline btn-small btn-circle\"> Die App herunterladen<\/a>\t        <\/div>\r\n<\/div>\r\n<!-- \/.dt-icon-box -->\t\t\t\t<\/div>\n\t\t\t\t<\/div>\n\t\t\t\t\t<\/div>\n\t\t<\/div>\n\t\t\t\t\t<\/div>\n\t\t<\/section>\n\t\t\t\t\t<\/div>\n\t\t<\/div>\n\t\t\t\t\t<\/div>\n\t\t<\/section>\n\t\t\t\t<section class=\"elementor-section elementor-top-section elementor-element elementor-element-396263d elementor-section-boxed elementor-section-height-default elementor-section-height-default\" data-id=\"396263d\" data-element_type=\"section\" data-e-type=\"section\">\n\t\t\t\t\t\t<div class=\"elementor-container elementor-column-gap-default\">\n\t\t\t\t\t<div class=\"elementor-column elementor-col-100 elementor-top-column elementor-element elementor-element-e99f474\" data-id=\"e99f474\" data-element_type=\"column\" data-e-type=\"column\">\n\t\t\t<div class=\"elementor-widget-wrap elementor-element-populated\">\n\t\t\t\t\t\t<div class=\"elementor-element elementor-element-8de4fce elementor-widget elementor-widget-heading\" data-id=\"8de4fce\" data-element_type=\"widget\" data-e-type=\"widget\" data-widget_type=\"heading.default\">\n\t\t\t\t<div class=\"elementor-widget-container\">\n\t\t\t\t\t<h2 class=\"elementor-heading-title elementor-size-default\">Human Design Authorities FAQs\n<\/h2>\t\t\t\t<\/div>\n\t\t\t\t<\/div>\n\t\t\t\t<div class=\"elementor-element elementor-element-034d393 elementor-widget elementor-widget-toggle\" data-id=\"034d393\" data-element_type=\"widget\" data-e-type=\"widget\" data-widget_type=\"toggle.default\">\n\t\t\t\t<div class=\"elementor-widget-container\">\n\t\t\t\t\t\t\t<div class=\"elementor-toggle\">\n\t\t\t\t\t\t\t<div class=\"elementor-toggle-item\">\n\t\t\t\t\t<div id=\"elementor-tab-title-3461\" class=\"elementor-tab-title\" data-tab=\"1\" role=\"button\" aria-controls=\"elementor-tab-content-3461\" aria-expanded=\"false\">\n\t\t\t\t\t\t\t\t\t\t\t\t<span class=\"elementor-toggle-icon elementor-toggle-icon-left\" aria-hidden=\"true\">\n\t\t\t\t\t\t\t\t\t\t\t\t\t\t\t<span class=\"elementor-toggle-icon-closed\"><i class=\"fas fa-caret-right\"><\/i><\/span>\n\t\t\t\t\t\t\t\t<span class=\"elementor-toggle-icon-opened\"><i class=\"elementor-toggle-icon-opened fas fa-caret-up\"><\/i><\/span>\n\t\t\t\t\t\t\t\t\t\t\t\t\t<\/span>\n\t\t\t\t\t\t\t\t\t\t\t\t<a class=\"elementor-toggle-title\" tabindex=\"0\">Was ist Autorit\u00e4t im Bereich Human Design?<\/a>\n\t\t\t\t\t<\/div>\n\n\t\t\t\t\t<div id=\"elementor-tab-content-3461\" class=\"elementor-tab-content elementor-clearfix\" data-tab=\"1\" role=\"region\" aria-labelledby=\"elementor-tab-title-3461\"><p><span style=\"font-weight: 400;\">Die Autorit\u00e4t im Human Design steht f\u00fcr die Art und Weise, wie Ihr K\u00f6rper Entscheidungen trifft - nicht mit dem Verstand, sondern mit Hilfe innerer Signale wie Emotionen, Bauchgef\u00fchl oder Instinkt.<\/span><\/p><\/div>\n\t\t\t\t<\/div>\n\t\t\t\t\t\t\t<div class=\"elementor-toggle-item\">\n\t\t\t\t\t<div id=\"elementor-tab-title-3462\" class=\"elementor-tab-title\" data-tab=\"2\" role=\"button\" aria-controls=\"elementor-tab-content-3462\" aria-expanded=\"false\">\n\t\t\t\t\t\t\t\t\t\t\t\t<span class=\"elementor-toggle-icon elementor-toggle-icon-left\" aria-hidden=\"true\">\n\t\t\t\t\t\t\t\t\t\t\t\t\t\t\t<span class=\"elementor-toggle-icon-closed\"><i class=\"fas fa-caret-right\"><\/i><\/span>\n\t\t\t\t\t\t\t\t<span class=\"elementor-toggle-icon-opened\"><i class=\"elementor-toggle-icon-opened fas fa-caret-up\"><\/i><\/span>\n\t\t\t\t\t\t\t\t\t\t\t\t\t<\/span>\n\t\t\t\t\t\t\t\t\t\t\t\t<a class=\"elementor-toggle-title\" tabindex=\"0\">Gibt es verschiedene Arten von Beh\u00f6rden?<\/a>\n\t\t\t\t\t<\/div>\n\n\t\t\t\t\t<div id=\"elementor-tab-content-3462\" class=\"elementor-tab-content elementor-clearfix\" data-tab=\"2\" role=\"region\" aria-labelledby=\"elementor-tab-title-3462\"><p><span style=\"font-weight: 400;\">Ja, es gibt 7 Haupttypen von Autorit\u00e4t im menschlichen Design: Emotionale Autorit\u00e4t, sakrale Autorit\u00e4t, Milz-Autorit\u00e4t, Ego-Autorit\u00e4t, selbstprojizierte Autorit\u00e4t, mentale Autorit\u00e4t und lunare Autorit\u00e4t.<\/span><\/p><\/div>\n\t\t\t\t<\/div>\n\t\t\t\t\t\t\t<div class=\"elementor-toggle-item\">\n\t\t\t\t\t<div id=\"elementor-tab-title-3463\" class=\"elementor-tab-title\" data-tab=\"3\" role=\"button\" aria-controls=\"elementor-tab-content-3463\" aria-expanded=\"false\">\n\t\t\t\t\t\t\t\t\t\t\t\t<span class=\"elementor-toggle-icon elementor-toggle-icon-left\" aria-hidden=\"true\">\n\t\t\t\t\t\t\t\t\t\t\t\t\t\t\t<span class=\"elementor-toggle-icon-closed\"><i class=\"fas fa-caret-right\"><\/i><\/span>\n\t\t\t\t\t\t\t\t<span class=\"elementor-toggle-icon-opened\"><i class=\"elementor-toggle-icon-opened fas fa-caret-up\"><\/i><\/span>\n\t\t\t\t\t\t\t\t\t\t\t\t\t<\/span>\n\t\t\t\t\t\t\t\t\t\t\t\t<a class=\"elementor-toggle-title\" tabindex=\"0\">Welche Beh\u00f6rde ist am h\u00e4ufigsten vertreten?<\/a>\n\t\t\t\t\t<\/div>\n\n\t\t\t\t\t<div id=\"elementor-tab-content-3463\" class=\"elementor-tab-content elementor-clearfix\" data-tab=\"3\" role=\"region\" aria-labelledby=\"elementor-tab-title-3463\"><p><span style=\"font-weight: 400;\">Emotionale Autorit\u00e4t ist die h\u00e4ufigste Form, die bei etwa 50% der Menschen auftritt.<\/span><\/p><\/div>\n\t\t\t\t<\/div>\n\t\t\t\t\t\t\t<div class=\"elementor-toggle-item\">\n\t\t\t\t\t<div id=\"elementor-tab-title-3464\" class=\"elementor-tab-title\" data-tab=\"4\" role=\"button\" aria-controls=\"elementor-tab-content-3464\" aria-expanded=\"false\">\n\t\t\t\t\t\t\t\t\t\t\t\t<span class=\"elementor-toggle-icon elementor-toggle-icon-left\" aria-hidden=\"true\">\n\t\t\t\t\t\t\t\t\t\t\t\t\t\t\t<span class=\"elementor-toggle-icon-closed\"><i class=\"fas fa-caret-right\"><\/i><\/span>\n\t\t\t\t\t\t\t\t<span class=\"elementor-toggle-icon-opened\"><i class=\"elementor-toggle-icon-opened fas fa-caret-up\"><\/i><\/span>\n\t\t\t\t\t\t\t\t\t\t\t\t\t<\/span>\n\t\t\t\t\t\t\t\t\t\t\t\t<a class=\"elementor-toggle-title\" tabindex=\"0\">Gibt es eine \u201cbeste\u201d Beh\u00f6rde?<\/a>\n\t\t\t\t\t<\/div>\n\n\t\t\t\t\t<div id=\"elementor-tab-content-3464\" class=\"elementor-tab-content elementor-clearfix\" data-tab=\"4\" role=\"region\" aria-labelledby=\"elementor-tab-title-3464\"><p><span style=\"font-weight: 400;\">Nein. Jede Autorit\u00e4t ist f\u00fcr die Person, die sie besitzt, richtig, und keine ist \u00fcber- oder untergeordnet.<\/span><\/p><\/div>\n\t\t\t\t<\/div>\n\t\t\t\t\t\t\t<div class=\"elementor-toggle-item\">\n\t\t\t\t\t<div id=\"elementor-tab-title-3465\" class=\"elementor-tab-title\" data-tab=\"5\" role=\"button\" aria-controls=\"elementor-tab-content-3465\" aria-expanded=\"false\">\n\t\t\t\t\t\t\t\t\t\t\t\t<span class=\"elementor-toggle-icon elementor-toggle-icon-left\" aria-hidden=\"true\">\n\t\t\t\t\t\t\t\t\t\t\t\t\t\t\t<span class=\"elementor-toggle-icon-closed\"><i class=\"fas fa-caret-right\"><\/i><\/span>\n\t\t\t\t\t\t\t\t<span class=\"elementor-toggle-icon-opened\"><i class=\"elementor-toggle-icon-opened fas fa-caret-up\"><\/i><\/span>\n\t\t\t\t\t\t\t\t\t\t\t\t\t<\/span>\n\t\t\t\t\t\t\t\t\t\t\t\t<a class=\"elementor-toggle-title\" tabindex=\"0\">Kann eine Person mehrere Beh\u00f6rden haben?<\/a>\n\t\t\t\t\t<\/div>\n\n\t\t\t\t\t<div id=\"elementor-tab-content-3465\" class=\"elementor-tab-content elementor-clearfix\" data-tab=\"5\" role=\"region\" aria-labelledby=\"elementor-tab-title-3465\"><p><span style=\"font-weight: 400;\">Nein. Das Horoskop eines Menschen enth\u00e4lt eine einzige Autorit\u00e4t, die von den Energiezentren der Person bestimmt wird.<\/span><\/p><\/div>\n\t\t\t\t<\/div>\n\t\t\t\t\t\t\t<div class=\"elementor-toggle-item\">\n\t\t\t\t\t<div id=\"elementor-tab-title-3466\" class=\"elementor-tab-title\" data-tab=\"6\" role=\"button\" aria-controls=\"elementor-tab-content-3466\" aria-expanded=\"false\">\n\t\t\t\t\t\t\t\t\t\t\t\t<span class=\"elementor-toggle-icon elementor-toggle-icon-left\" aria-hidden=\"true\">\n\t\t\t\t\t\t\t\t\t\t\t\t\t\t\t<span class=\"elementor-toggle-icon-closed\"><i class=\"fas fa-caret-right\"><\/i><\/span>\n\t\t\t\t\t\t\t\t<span class=\"elementor-toggle-icon-opened\"><i class=\"elementor-toggle-icon-opened fas fa-caret-up\"><\/i><\/span>\n\t\t\t\t\t\t\t\t\t\t\t\t\t<\/span>\n\t\t\t\t\t\t\t\t\t\t\t\t<a class=\"elementor-toggle-title\" tabindex=\"0\">Wie kann ich meine Zust\u00e4ndigkeit bestimmen?<\/a>\n\t\t\t\t\t<\/div>\n\n\t\t\t\t\t<div id=\"elementor-tab-content-3466\" class=\"elementor-tab-content elementor-clearfix\" data-tab=\"6\" role=\"region\" aria-labelledby=\"elementor-tab-title-3466\"><p><span style=\"font-weight: 400;\">Ihre Autorit\u00e4t wird in der Human Design App oder in jedem Diagrammwerkzeug, das zur Erstellung Ihres Diagramms verwendet wird, deutlich angezeigt.\u00a0<\/span><\/p><\/div>\n\t\t\t\t<\/div>\n\t\t\t\t\t\t\t<div class=\"elementor-toggle-item\">\n\t\t\t\t\t<div id=\"elementor-tab-title-3467\" class=\"elementor-tab-title\" data-tab=\"7\" role=\"button\" aria-controls=\"elementor-tab-content-3467\" aria-expanded=\"false\">\n\t\t\t\t\t\t\t\t\t\t\t\t<span class=\"elementor-toggle-icon elementor-toggle-icon-left\" aria-hidden=\"true\">\n\t\t\t\t\t\t\t\t\t\t\t\t\t\t\t<span class=\"elementor-toggle-icon-closed\"><i class=\"fas fa-caret-right\"><\/i><\/span>\n\t\t\t\t\t\t\t\t<span class=\"elementor-toggle-icon-opened\"><i class=\"elementor-toggle-icon-opened fas fa-caret-up\"><\/i><\/span>\n\t\t\t\t\t\t\t\t\t\t\t\t\t<\/span>\n\t\t\t\t\t\t\t\t\t\t\t\t<a class=\"elementor-toggle-title\" tabindex=\"0\">\u00c4ndern sich Beh\u00f6rden jemals?<\/a>\n\t\t\t\t\t<\/div>\n\n\t\t\t\t\t<div id=\"elementor-tab-content-3467\" class=\"elementor-tab-content elementor-clearfix\" data-tab=\"7\" role=\"region\" aria-labelledby=\"elementor-tab-title-3467\"><p><span style=\"font-weight: 400;\">Nein, Ihre Autorit\u00e4t bleibt f\u00fcr die Dauer Ihres Lebens erhalten. Es braucht jedoch Zeit und \u00dcbung, um ein Gef\u00fchl daf\u00fcr zu entwickeln, wie Sie Ihre Autorit\u00e4t einsetzen k\u00f6nnen.<\/span><\/p><\/div>\n\t\t\t\t<\/div>\n\t\t\t\t\t\t\t\t<\/div>\n\t\t\t\t\t\t<\/div>\n\t\t\t\t<\/div>\n\t\t\t\t\t<\/div>\n\t\t<\/div>\n\t\t\t\t\t<\/div>\n\t\t<\/section>\n\t\t\t\t<\/div>","protected":false},"excerpt":{"rendered":"<p>Authority is how your body and energy tell you what to do. Everyone\u2019s not designed to be able to think their way through every decision. Some people take longer to decide while others are very quick. Your authority is how you\u2019re told what does and does not work for you. When you follow your authority, [&hellip;]<\/p>\n","protected":false},"author":6,"featured_media":0,"parent":0,"menu_order":0,"comment_status":"closed","ping_status":"closed","template":"elementor_header_footer","meta":{"_acf_changed":false,"footnotes":""},"class_list":["post-3156","page","type-page","status-publish","hentry"],"acf":[],"aioseo_notices":[],"_links":{"self":[{"href":"https:\/\/www.humandesignapp.com\/de\/wp-json\/wp\/v2\/pages\/3156","targetHints":{"allow":["GET"]}}],"collection":[{"href":"https:\/\/www.humandesignapp.com\/de\/wp-json\/wp\/v2\/pages"}],"about":[{"href":"https:\/\/www.humandesignapp.com\/de\/wp-json\/wp\/v2\/types\/page"}],"author":[{"embeddable":true,"href":"https:\/\/www.humandesignapp.com\/de\/wp-json\/wp\/v2\/users\/6"}],"replies":[{"embeddable":true,"href":"https:\/\/www.humandesignapp.com\/de\/wp-json\/wp\/v2\/comments?post=3156"}],"version-history":[{"count":54,"href":"https:\/\/www.humandesignapp.com\/de\/wp-json\/wp\/v2\/pages\/3156\/revisions"}],"predecessor-version":[{"id":5933,"href":"https:\/\/www.humandesignapp.com\/de\/wp-json\/wp\/v2\/pages\/3156\/revisions\/5933"}],"wp:attachment":[{"href":"https:\/\/www.humandesignapp.com\/de\/wp-json\/wp\/v2\/media?parent=3156"}],"curies":[{"name":"wp","href":"https:\/\/api.w.org\/{rel}","templated":true}]}}